{"id":9130,"date":"2023-03-06T02:48:48","date_gmt":"2023-03-05T23:48:48","guid":{"rendered":"https:\/\/acaral.com.tr\/index.php\/product\/kaydek-ic-kilif-bej\/"},"modified":"2023-04-04T14:33:10","modified_gmt":"2023-04-04T11:33:10","slug":"kaydek-ic-kilif-bej","status":"publish","type":"product","link":"https:\/\/acaral.com.tr\/?product=kaydek-ic-kilif-bej","title":{"rendered":"Kaydek \u0130\u00e7 K\u0131l\u0131f Bej"},"content":{"rendered":"<p><strong><u>UYGUN MARKA VE MODELLER<\/u><\/strong><\/p>\n<ul>\n<li><em>-CAN\u0130K TP9<\/em><\/li>\n<li><em>-YAVUZ 16 COMPACT<\/em><\/li>\n<li><em>-KANUN\u0130 S<\/em><\/li>\n<li><em>-Z\u0130GANA KC \u2013 T \u2013 K \u2013 F<\/em><\/li>\n<li><em>-Z\u0130GANA\u00a0 SPORT \u2013 FC \u2013 63<\/em><\/li>\n<li><em>-SARSILMAZ K2 \u2013 K45 \u2013 ST 10<\/em><\/li>\n<li><em>-SARSILMAZ SAR9 -P85<\/em><\/li>\n<li><em>-SARSILMAZ<\/em><\/li>\n<li><em>-F92 BERETTA<\/em><\/li>\n<li><em>-SIGSAUER P228 \u2013 229<\/em><\/li>\n<li><em>-GLOCK GEN<\/em><\/li>\n<li><em>-RUGER<\/em><\/li>\n<li><em>-CZ 75<\/em><\/li>\n<li><em>-FM HERSTAL BELGIUM<\/em><\/li>\n<li><em>-MC 9<\/em><\/li>\n<li><em>-STR 9<\/em><\/li>\n<li><em>-COUGAR F<\/em><\/li>\n<li><em>-STOUGAR F<\/em><\/li>\n<\/ul>\n<p><strong><u>A\u00c7IKLAMALAR<\/u><\/strong><\/p>\n<ul>\n<li><em>-Dayan\u0131kl\u0131 polimerden \u00fcretilmi\u015ftir.<\/em><\/li>\n<li><em>-2 y\u0131l garantisi vard\u0131r.<\/em><\/li>\n<li><em>-Asker, Bek\u00e7i, polis ve sivil kullan\u0131m\u0131na uygundur.<\/em><\/li>\n<\/ul>\n","protected":false},"excerpt":{"rendered":"<p>UYGUN MARKA VE MODELLER -CAN\u0130K TP9 -YAVUZ 16 COMPACT -KANUN\u0130 S -Z\u0130GANA KC \u2013 T \u2013 K \u2013 F -Z\u0130GANA\u00a0<\/p>\n","protected":false},"featured_media":9188,"comment_status":"open","ping_status":"closed","template":"","meta":[],"product_cat":[42],"product_tag":[],"class_list":{"0":"post-9130","1":"product","2":"type-product","3":"status-publish","4":"has-post-thumbnail","6":"product_cat-tabanca-kiliflari","8":"first","9":"instock","10":"shipping-taxable","11":"product-type-simple"},"yoast_head":"<!-- This site is optimized with the Yoast SEO plugin v25.4 - https:\/\/yoast.com\/wordpress\/plugins\/seo\/ -->\n<title>Kaydek \u0130\u00e7 K\u0131l\u0131f Bej - Acaral<\/title>\n<meta name=\"robots\" content=\"index, follow, max-snippet:-1, max-image-preview:large, max-video-preview:-1\" \/>\n<link rel=\"canonical\" href=\"https:\/\/acaral.com.tr\/?product=kaydek-ic-kilif-bej\" \/>\n<meta property=\"og:locale\" content=\"en_US\" \/>\n<meta property=\"og:type\" content=\"article\" \/>\n<meta property=\"og:title\" content=\"Kaydek \u0130\u00e7 K\u0131l\u0131f Bej - Acaral\" \/>\n<meta property=\"og:description\" content=\"UYGUN MARKA VE MODELLER -CAN\u0130K TP9 -YAVUZ 16 COMPACT -KANUN\u0130 S -Z\u0130GANA KC \u2013 T \u2013 K \u2013 F -Z\u0130GANA\u00a0\" \/>\n<meta property=\"og:url\" content=\"https:\/\/acaral.com.tr\/?product=kaydek-ic-kilif-bej\" \/>\n<meta property=\"og:site_name\" content=\"Acaral\" \/>\n<meta property=\"article:publisher\" content=\"https:\/\/facebook.com\/acaralcom\" \/>\n<meta property=\"article:modified_time\" content=\"2023-04-04T11:33:10+00:00\" \/>\n<meta property=\"og:image\" content=\"https:\/\/acaral.com.tr\/wp-content\/uploads\/IMG_1365.jpg\" \/>\n\t<meta property=\"og:image:width\" content=\"1400\" \/>\n\t<meta property=\"og:image:height\" content=\"1995\" \/>\n\t<meta property=\"og:image:type\" content=\"image\/jpeg\" \/>\n<meta name=\"twitter:card\" content=\"summary_large_image\" \/>\n<script type=\"application\/ld+json\" class=\"yoast-schema-graph\">{\"@context\":\"https:\/\/schema.org\",\"@graph\":[{\"@type\":\"WebPage\",\"@id\":\"https:\/\/acaral.com.tr\/?product=kaydek-ic-kilif-bej\",\"url\":\"https:\/\/acaral.com.tr\/?product=kaydek-ic-kilif-bej\",\"name\":\"Kaydek \u0130\u00e7 K\u0131l\u0131f Bej - Acaral\",\"isPartOf\":{\"@id\":\"https:\/\/acaral.com.tr\/#website\"},\"primaryImageOfPage\":{\"@id\":\"https:\/\/acaral.com.tr\/?product=kaydek-ic-kilif-bej#primaryimage\"},\"image\":{\"@id\":\"https:\/\/acaral.com.tr\/?product=kaydek-ic-kilif-bej#primaryimage\"},\"thumbnailUrl\":\"https:\/\/acaral.com.tr\/wp-content\/uploads\/IMG_1365.jpg\",\"datePublished\":\"2023-03-05T23:48:48+00:00\",\"dateModified\":\"2023-04-04T11:33:10+00:00\",\"breadcrumb\":{\"@id\":\"https:\/\/acaral.com.tr\/?product=kaydek-ic-kilif-bej#breadcrumb\"},\"inLanguage\":\"en-US\",\"potentialAction\":[{\"@type\":\"ReadAction\",\"target\":[\"https:\/\/acaral.com.tr\/?product=kaydek-ic-kilif-bej\"]}]},{\"@type\":\"ImageObject\",\"inLanguage\":\"en-US\",\"@id\":\"https:\/\/acaral.com.tr\/?product=kaydek-ic-kilif-bej#primaryimage\",\"url\":\"https:\/\/acaral.com.tr\/wp-content\/uploads\/IMG_1365.jpg\",\"contentUrl\":\"https:\/\/acaral.com.tr\/wp-content\/uploads\/IMG_1365.jpg\",\"width\":1400,\"height\":1995},{\"@type\":\"BreadcrumbList\",\"@id\":\"https:\/\/acaral.com.tr\/?product=kaydek-ic-kilif-bej#breadcrumb\",\"itemListElement\":[{\"@type\":\"ListItem\",\"position\":1,\"name\":\"Anasayfa\",\"item\":\"https:\/\/acaral.com.tr\/\"},{\"@type\":\"ListItem\",\"position\":2,\"name\":\"Shop\",\"item\":\"https:\/\/acaral.com.tr\/?page_id=9\"},{\"@type\":\"ListItem\",\"position\":3,\"name\":\"Kaydek \u0130\u00e7 K\u0131l\u0131f Bej\"}]},{\"@type\":\"WebSite\",\"@id\":\"https:\/\/acaral.com.tr\/#website\",\"url\":\"https:\/\/acaral.com.tr\/\",\"name\":\"Acaral\",\"description\":\"Silah Aksesuar ve Ekipmanlar\u0131\",\"publisher\":{\"@id\":\"https:\/\/acaral.com.tr\/#organization\"},\"potentialAction\":[{\"@type\":\"SearchAction\",\"target\":{\"@type\":\"EntryPoint\",\"urlTemplate\":\"https:\/\/acaral.com.tr\/?s={search_term_string}\"},\"query-input\":{\"@type\":\"PropertyValueSpecification\",\"valueRequired\":true,\"valueName\":\"search_term_string\"}}],\"inLanguage\":\"en-US\"},{\"@type\":\"Organization\",\"@id\":\"https:\/\/acaral.com.tr\/#organization\",\"name\":\"Silah Aksesuar ve Ekipmanlar\u0131\",\"url\":\"https:\/\/acaral.com.tr\/\",\"logo\":{\"@type\":\"ImageObject\",\"inLanguage\":\"en-US\",\"@id\":\"https:\/\/acaral.com.tr\/#\/schema\/logo\/image\/\",\"url\":\"https:\/\/acaral.com.tr\/wp-content\/uploads\/logo-fb-2.jpg\",\"contentUrl\":\"https:\/\/acaral.com.tr\/wp-content\/uploads\/logo-fb-2.jpg\",\"width\":1687,\"height\":845,\"caption\":\"Silah Aksesuar ve Ekipmanlar\u0131\"},\"image\":{\"@id\":\"https:\/\/acaral.com.tr\/#\/schema\/logo\/image\/\"},\"sameAs\":[\"https:\/\/facebook.com\/acaralcom\"]}]}<\/script>\n<!-- \/ Yoast SEO plugin. -->","yoast_head_json":{"title":"Kaydek \u0130\u00e7 K\u0131l\u0131f Bej - Acaral","robots":{"index":"index","follow":"follow","max-snippet":"max-snippet:-1","max-image-preview":"max-image-preview:large","max-video-preview":"max-video-preview:-1"},"canonical":"https:\/\/acaral.com.tr\/?product=kaydek-ic-kilif-bej","og_locale":"en_US","og_type":"article","og_title":"Kaydek \u0130\u00e7 K\u0131l\u0131f Bej - Acaral","og_description":"UYGUN MARKA VE MODELLER -CAN\u0130K TP9 -YAVUZ 16 COMPACT -KANUN\u0130 S -Z\u0130GANA KC \u2013 T \u2013 K \u2013 F -Z\u0130GANA\u00a0","og_url":"https:\/\/acaral.com.tr\/?product=kaydek-ic-kilif-bej","og_site_name":"Acaral","article_publisher":"https:\/\/facebook.com\/acaralcom","article_modified_time":"2023-04-04T11:33:10+00:00","og_image":[{"width":1400,"height":1995,"url":"https:\/\/acaral.com.tr\/wp-content\/uploads\/IMG_1365.jpg","type":"image\/jpeg"}],"twitter_card":"summary_large_image","schema":{"@context":"https:\/\/schema.org","@graph":[{"@type":"WebPage","@id":"https:\/\/acaral.com.tr\/?product=kaydek-ic-kilif-bej","url":"https:\/\/acaral.com.tr\/?product=kaydek-ic-kilif-bej","name":"Kaydek \u0130\u00e7 K\u0131l\u0131f Bej - Acaral","isPartOf":{"@id":"https:\/\/acaral.com.tr\/#website"},"primaryImageOfPage":{"@id":"https:\/\/acaral.com.tr\/?product=kaydek-ic-kilif-bej#primaryimage"},"image":{"@id":"https:\/\/acaral.com.tr\/?product=kaydek-ic-kilif-bej#primaryimage"},"thumbnailUrl":"https:\/\/acaral.com.tr\/wp-content\/uploads\/IMG_1365.jpg","datePublished":"2023-03-05T23:48:48+00:00","dateModified":"2023-04-04T11:33:10+00:00","breadcrumb":{"@id":"https:\/\/acaral.com.tr\/?product=kaydek-ic-kilif-bej#breadcrumb"},"inLanguage":"en-US","potentialAction":[{"@type":"ReadAction","target":["https:\/\/acaral.com.tr\/?product=kaydek-ic-kilif-bej"]}]},{"@type":"ImageObject","inLanguage":"en-US","@id":"https:\/\/acaral.com.tr\/?product=kaydek-ic-kilif-bej#primaryimage","url":"https:\/\/acaral.com.tr\/wp-content\/uploads\/IMG_1365.jpg","contentUrl":"https:\/\/acaral.com.tr\/wp-content\/uploads\/IMG_1365.jpg","width":1400,"height":1995},{"@type":"BreadcrumbList","@id":"https:\/\/acaral.com.tr\/?product=kaydek-ic-kilif-bej#breadcrumb","itemListElement":[{"@type":"ListItem","position":1,"name":"Anasayfa","item":"https:\/\/acaral.com.tr\/"},{"@type":"ListItem","position":2,"name":"Shop","item":"https:\/\/acaral.com.tr\/?page_id=9"},{"@type":"ListItem","position":3,"name":"Kaydek \u0130\u00e7 K\u0131l\u0131f Bej"}]},{"@type":"WebSite","@id":"https:\/\/acaral.com.tr\/#website","url":"https:\/\/acaral.com.tr\/","name":"Acaral","description":"Silah Aksesuar ve Ekipmanlar\u0131","publisher":{"@id":"https:\/\/acaral.com.tr\/#organization"},"potentialAction":[{"@type":"SearchAction","target":{"@type":"EntryPoint","urlTemplate":"https:\/\/acaral.com.tr\/?s={search_term_string}"},"query-input":{"@type":"PropertyValueSpecification","valueRequired":true,"valueName":"search_term_string"}}],"inLanguage":"en-US"},{"@type":"Organization","@id":"https:\/\/acaral.com.tr\/#organization","name":"Silah Aksesuar ve Ekipmanlar\u0131","url":"https:\/\/acaral.com.tr\/","logo":{"@type":"ImageObject","inLanguage":"en-US","@id":"https:\/\/acaral.com.tr\/#\/schema\/logo\/image\/","url":"https:\/\/acaral.com.tr\/wp-content\/uploads\/logo-fb-2.jpg","contentUrl":"https:\/\/acaral.com.tr\/wp-content\/uploads\/logo-fb-2.jpg","width":1687,"height":845,"caption":"Silah Aksesuar ve Ekipmanlar\u0131"},"image":{"@id":"https:\/\/acaral.com.tr\/#\/schema\/logo\/image\/"},"sameAs":["https:\/\/facebook.com\/acaralcom"]}]}},"_links":{"self":[{"href":"https:\/\/acaral.com.tr\/index.php?rest_route=\/wp\/v2\/product\/9130"}],"collection":[{"href":"https:\/\/acaral.com.tr\/index.php?rest_route=\/wp\/v2\/product"}],"about":[{"href":"https:\/\/acaral.com.tr\/index.php?rest_route=\/wp\/v2\/types\/product"}],"replies":[{"embeddable":true,"href":"https:\/\/acaral.com.tr\/index.php?rest_route=%2Fwp%2Fv2%2Fcomments&post=9130"}],"wp:featuredmedia":[{"embeddable":true,"href":"https:\/\/acaral.com.tr\/index.php?rest_route=\/wp\/v2\/media\/9188"}],"wp:attachment":[{"href":"https:\/\/acaral.com.tr\/index.php?rest_route=%2Fwp%2Fv2%2Fmedia&parent=9130"}],"wp:term":[{"taxonomy":"product_cat","embeddable":true,"href":"https:\/\/acaral.com.tr\/index.php?rest_route=%2Fwp%2Fv2%2Fproduct_cat&post=9130"},{"taxonomy":"product_tag","embeddable":true,"href":"https:\/\/acaral.com.tr\/index.php?rest_route=%2Fwp%2Fv2%2Fproduct_tag&post=9130"}],"curies":[{"name":"wp","href":"https:\/\/api.w.org\/{rel}","templated":true}]}}