{"id":9131,"date":"2023-03-06T02:48:48","date_gmt":"2023-03-05T23:48:48","guid":{"rendered":"https:\/\/acaral.com.tr\/index.php\/product\/sarsilmaz-tabanca-kilifi-siyah\/"},"modified":"2023-04-04T14:33:10","modified_gmt":"2023-04-04T11:33:10","slug":"sarsilmaz-tabanca-kilifi-siyah","status":"publish","type":"product","link":"https:\/\/acaral.com.tr\/?product=sarsilmaz-tabanca-kilifi-siyah","title":{"rendered":"Sars\u0131lmaz Tabanca K\u0131l\u0131f\u0131 Siyah"},"content":{"rendered":"<p><strong><u>UYGUN OLDU\u011eU MODELLER<\/u><\/strong><\/p>\n<ul>\n<li><strong><em>-Sars\u0131lmaz K\u0131l\u0131n\u00e7<\/em><\/strong><\/li>\n<li><strong><em>-Mega<\/em><\/strong><\/li>\n<li><strong><em>-K11<\/em><\/strong><\/li>\n<li><strong><em>-Kanuni S17<\/em><\/strong><\/li>\n<\/ul>\n<p><strong>\u00a0<\/strong><\/p>\n<p><strong><u>\u00d6ZELL\u0130KLER VE A\u00c7IKLAMALAR <\/u><\/strong><\/p>\n<ul>\n<li><strong>Dayan\u0131kl\u0131 polimer g\u00f6vde, patentli dizayn\u0131 sayesinde ergonomik kullan\u0131m kolayl\u0131\u011f\u0131 sa\u011flar.<\/strong><\/li>\n<li><strong>Palaska \u00fczerine kullan\u0131ma uygun olan d\u0131\u015f ta\u015f\u0131ma taktik tabanca k\u0131l\u0131f\u0131 askeri kullan\u0131ma uygun tasarlanm\u0131\u015f ortopedik belli\u011fi sayesinde\u00a0 uzun saatler boyunca ta\u015f\u0131malarda kullan\u0131c\u0131y\u0131\u00a0 yormaz.<\/strong><\/li>\n<li><strong>360\u2070 d\u00f6nebilen yap\u0131s\u0131 sayesinde kullan\u0131c\u0131 silah\u0131n a\u00e7\u0131s\u0131n\u0131 iste\u011fine g\u00f6re ayarlayabilir.<\/strong><\/li>\n<li><strong>Asker, polis ve sivil kullan\u0131m\u0131na uygundur.<\/strong><\/li>\n<li><strong>Muhafaza kilidi sayesinde silah\u0131n\u0131z d\u00fc\u015fmez, \u00e7al\u0131nmaz.<\/strong><\/li>\n<li><strong>Sa\u011f ve sol \u00fcr\u00fcn mevcuttur.<\/strong><\/li>\n<li><strong>\u00c7\u0131kar\u0131labilir tek \u015farj\u00f6rl\u00fck yolu vard\u0131r.(Sadece sa\u011f kullan\u0131ml\u0131 \u00fcr\u00fcnde mevcuttur)<\/strong><\/li>\n<li><strong>K\u0131l\u0131f\u0131n alt\u0131nda bulunan ayar vidas\u0131 sayesinde, silah\u0131n k\u0131l\u0131fa girdi\u011findeki s\u0131k\u0131ld\u0131\u011f\u0131n\u0131 kullan\u0131c\u0131 istedi\u011fi gibi ayarlayabilir.<\/strong><\/li>\n<li><strong>2 y\u0131l garantisi vard\u0131r.<\/strong><\/li>\n<\/ul>\n","protected":false},"excerpt":{"rendered":"<p>UYGUN OLDU\u011eU MODELLER -Sars\u0131lmaz K\u0131l\u0131n\u00e7 -Mega -K11 -Kanuni S17 \u00a0 \u00d6ZELL\u0130KLER VE A\u00c7IKLAMALAR Dayan\u0131kl\u0131 polimer g\u00f6vde, patentli dizayn\u0131 sayesinde ergonomik<\/p>\n","protected":false},"featured_media":9194,"comment_status":"open","ping_status":"closed","template":"","meta":[],"product_cat":[42],"product_tag":[],"class_list":{"0":"post-9131","1":"product","2":"type-product","3":"status-publish","4":"has-post-thumbnail","6":"product_cat-tabanca-kiliflari","8":"first","9":"instock","10":"shipping-taxable","11":"product-type-simple"},"yoast_head":"<!-- This site is optimized with the Yoast SEO plugin v25.4 - https:\/\/yoast.com\/wordpress\/plugins\/seo\/ -->\n<title>Sars\u0131lmaz Tabanca K\u0131l\u0131f\u0131 Siyah - Acaral<\/title>\n<meta name=\"robots\" content=\"index, follow, max-snippet:-1, max-image-preview:large, max-video-preview:-1\" \/>\n<link rel=\"canonical\" href=\"https:\/\/acaral.com.tr\/?product=sarsilmaz-tabanca-kilifi-siyah\" \/>\n<meta property=\"og:locale\" content=\"en_US\" \/>\n<meta property=\"og:type\" content=\"article\" \/>\n<meta property=\"og:title\" content=\"Sars\u0131lmaz Tabanca K\u0131l\u0131f\u0131 Siyah - Acaral\" \/>\n<meta property=\"og:description\" content=\"UYGUN OLDU\u011eU MODELLER -Sars\u0131lmaz K\u0131l\u0131n\u00e7 -Mega -K11 -Kanuni S17 \u00a0 \u00d6ZELL\u0130KLER VE A\u00c7IKLAMALAR Dayan\u0131kl\u0131 polimer g\u00f6vde, patentli dizayn\u0131 sayesinde ergonomik\" \/>\n<meta property=\"og:url\" content=\"https:\/\/acaral.com.tr\/?product=sarsilmaz-tabanca-kilifi-siyah\" \/>\n<meta property=\"og:site_name\" content=\"Acaral\" \/>\n<meta property=\"article:publisher\" content=\"https:\/\/facebook.com\/acaralcom\" \/>\n<meta property=\"article:modified_time\" content=\"2023-04-04T11:33:10+00:00\" \/>\n<meta property=\"og:image\" content=\"https:\/\/acaral.com.tr\/wp-content\/uploads\/IMG_1371.jpg\" \/>\n\t<meta property=\"og:image:width\" content=\"1400\" \/>\n\t<meta property=\"og:image:height\" content=\"1995\" \/>\n\t<meta property=\"og:image:type\" content=\"image\/jpeg\" \/>\n<meta name=\"twitter:card\" content=\"summary_large_image\" \/>\n<meta name=\"twitter:label1\" content=\"Est. reading time\" \/>\n\t<meta name=\"twitter:data1\" content=\"1 minute\" \/>\n<script type=\"application\/ld+json\" class=\"yoast-schema-graph\">{\"@context\":\"https:\/\/schema.org\",\"@graph\":[{\"@type\":\"WebPage\",\"@id\":\"https:\/\/acaral.com.tr\/?product=sarsilmaz-tabanca-kilifi-siyah\",\"url\":\"https:\/\/acaral.com.tr\/?product=sarsilmaz-tabanca-kilifi-siyah\",\"name\":\"Sars\u0131lmaz Tabanca K\u0131l\u0131f\u0131 Siyah - Acaral\",\"isPartOf\":{\"@id\":\"https:\/\/acaral.com.tr\/#website\"},\"primaryImageOfPage\":{\"@id\":\"https:\/\/acaral.com.tr\/?product=sarsilmaz-tabanca-kilifi-siyah#primaryimage\"},\"image\":{\"@id\":\"https:\/\/acaral.com.tr\/?product=sarsilmaz-tabanca-kilifi-siyah#primaryimage\"},\"thumbnailUrl\":\"https:\/\/acaral.com.tr\/wp-content\/uploads\/IMG_1371.jpg\",\"datePublished\":\"2023-03-05T23:48:48+00:00\",\"dateModified\":\"2023-04-04T11:33:10+00:00\",\"breadcrumb\":{\"@id\":\"https:\/\/acaral.com.tr\/?product=sarsilmaz-tabanca-kilifi-siyah#breadcrumb\"},\"inLanguage\":\"en-US\",\"potentialAction\":[{\"@type\":\"ReadAction\",\"target\":[\"https:\/\/acaral.com.tr\/?product=sarsilmaz-tabanca-kilifi-siyah\"]}]},{\"@type\":\"ImageObject\",\"inLanguage\":\"en-US\",\"@id\":\"https:\/\/acaral.com.tr\/?product=sarsilmaz-tabanca-kilifi-siyah#primaryimage\",\"url\":\"https:\/\/acaral.com.tr\/wp-content\/uploads\/IMG_1371.jpg\",\"contentUrl\":\"https:\/\/acaral.com.tr\/wp-content\/uploads\/IMG_1371.jpg\",\"width\":1400,\"height\":1995},{\"@type\":\"BreadcrumbList\",\"@id\":\"https:\/\/acaral.com.tr\/?product=sarsilmaz-tabanca-kilifi-siyah#breadcrumb\",\"itemListElement\":[{\"@type\":\"ListItem\",\"position\":1,\"name\":\"Anasayfa\",\"item\":\"https:\/\/acaral.com.tr\/\"},{\"@type\":\"ListItem\",\"position\":2,\"name\":\"Shop\",\"item\":\"https:\/\/acaral.com.tr\/?page_id=9\"},{\"@type\":\"ListItem\",\"position\":3,\"name\":\"Sars\u0131lmaz Tabanca K\u0131l\u0131f\u0131 Siyah\"}]},{\"@type\":\"WebSite\",\"@id\":\"https:\/\/acaral.com.tr\/#website\",\"url\":\"https:\/\/acaral.com.tr\/\",\"name\":\"Acaral\",\"description\":\"Silah Aksesuar ve Ekipmanlar\u0131\",\"publisher\":{\"@id\":\"https:\/\/acaral.com.tr\/#organization\"},\"potentialAction\":[{\"@type\":\"SearchAction\",\"target\":{\"@type\":\"EntryPoint\",\"urlTemplate\":\"https:\/\/acaral.com.tr\/?s={search_term_string}\"},\"query-input\":{\"@type\":\"PropertyValueSpecification\",\"valueRequired\":true,\"valueName\":\"search_term_string\"}}],\"inLanguage\":\"en-US\"},{\"@type\":\"Organization\",\"@id\":\"https:\/\/acaral.com.tr\/#organization\",\"name\":\"Silah Aksesuar ve Ekipmanlar\u0131\",\"url\":\"https:\/\/acaral.com.tr\/\",\"logo\":{\"@type\":\"ImageObject\",\"inLanguage\":\"en-US\",\"@id\":\"https:\/\/acaral.com.tr\/#\/schema\/logo\/image\/\",\"url\":\"https:\/\/acaral.com.tr\/wp-content\/uploads\/logo-fb-2.jpg\",\"contentUrl\":\"https:\/\/acaral.com.tr\/wp-content\/uploads\/logo-fb-2.jpg\",\"width\":1687,\"height\":845,\"caption\":\"Silah Aksesuar ve Ekipmanlar\u0131\"},\"image\":{\"@id\":\"https:\/\/acaral.com.tr\/#\/schema\/logo\/image\/\"},\"sameAs\":[\"https:\/\/facebook.com\/acaralcom\"]}]}<\/script>\n<!-- \/ Yoast SEO plugin. -->","yoast_head_json":{"title":"Sars\u0131lmaz Tabanca K\u0131l\u0131f\u0131 Siyah - Acaral","robots":{"index":"index","follow":"follow","max-snippet":"max-snippet:-1","max-image-preview":"max-image-preview:large","max-video-preview":"max-video-preview:-1"},"canonical":"https:\/\/acaral.com.tr\/?product=sarsilmaz-tabanca-kilifi-siyah","og_locale":"en_US","og_type":"article","og_title":"Sars\u0131lmaz Tabanca K\u0131l\u0131f\u0131 Siyah - Acaral","og_description":"UYGUN OLDU\u011eU MODELLER -Sars\u0131lmaz K\u0131l\u0131n\u00e7 -Mega -K11 -Kanuni S17 \u00a0 \u00d6ZELL\u0130KLER VE A\u00c7IKLAMALAR Dayan\u0131kl\u0131 polimer g\u00f6vde, patentli dizayn\u0131 sayesinde ergonomik","og_url":"https:\/\/acaral.com.tr\/?product=sarsilmaz-tabanca-kilifi-siyah","og_site_name":"Acaral","article_publisher":"https:\/\/facebook.com\/acaralcom","article_modified_time":"2023-04-04T11:33:10+00:00","og_image":[{"width":1400,"height":1995,"url":"https:\/\/acaral.com.tr\/wp-content\/uploads\/IMG_1371.jpg","type":"image\/jpeg"}],"twitter_card":"summary_large_image","twitter_misc":{"Est. reading time":"1 minute"},"schema":{"@context":"https:\/\/schema.org","@graph":[{"@type":"WebPage","@id":"https:\/\/acaral.com.tr\/?product=sarsilmaz-tabanca-kilifi-siyah","url":"https:\/\/acaral.com.tr\/?product=sarsilmaz-tabanca-kilifi-siyah","name":"Sars\u0131lmaz Tabanca K\u0131l\u0131f\u0131 Siyah - Acaral","isPartOf":{"@id":"https:\/\/acaral.com.tr\/#website"},"primaryImageOfPage":{"@id":"https:\/\/acaral.com.tr\/?product=sarsilmaz-tabanca-kilifi-siyah#primaryimage"},"image":{"@id":"https:\/\/acaral.com.tr\/?product=sarsilmaz-tabanca-kilifi-siyah#primaryimage"},"thumbnailUrl":"https:\/\/acaral.com.tr\/wp-content\/uploads\/IMG_1371.jpg","datePublished":"2023-03-05T23:48:48+00:00","dateModified":"2023-04-04T11:33:10+00:00","breadcrumb":{"@id":"https:\/\/acaral.com.tr\/?product=sarsilmaz-tabanca-kilifi-siyah#breadcrumb"},"inLanguage":"en-US","potentialAction":[{"@type":"ReadAction","target":["https:\/\/acaral.com.tr\/?product=sarsilmaz-tabanca-kilifi-siyah"]}]},{"@type":"ImageObject","inLanguage":"en-US","@id":"https:\/\/acaral.com.tr\/?product=sarsilmaz-tabanca-kilifi-siyah#primaryimage","url":"https:\/\/acaral.com.tr\/wp-content\/uploads\/IMG_1371.jpg","contentUrl":"https:\/\/acaral.com.tr\/wp-content\/uploads\/IMG_1371.jpg","width":1400,"height":1995},{"@type":"BreadcrumbList","@id":"https:\/\/acaral.com.tr\/?product=sarsilmaz-tabanca-kilifi-siyah#breadcrumb","itemListElement":[{"@type":"ListItem","position":1,"name":"Anasayfa","item":"https:\/\/acaral.com.tr\/"},{"@type":"ListItem","position":2,"name":"Shop","item":"https:\/\/acaral.com.tr\/?page_id=9"},{"@type":"ListItem","position":3,"name":"Sars\u0131lmaz Tabanca K\u0131l\u0131f\u0131 Siyah"}]},{"@type":"WebSite","@id":"https:\/\/acaral.com.tr\/#website","url":"https:\/\/acaral.com.tr\/","name":"Acaral","description":"Silah Aksesuar ve Ekipmanlar\u0131","publisher":{"@id":"https:\/\/acaral.com.tr\/#organization"},"potentialAction":[{"@type":"SearchAction","target":{"@type":"EntryPoint","urlTemplate":"https:\/\/acaral.com.tr\/?s={search_term_string}"},"query-input":{"@type":"PropertyValueSpecification","valueRequired":true,"valueName":"search_term_string"}}],"inLanguage":"en-US"},{"@type":"Organization","@id":"https:\/\/acaral.com.tr\/#organization","name":"Silah Aksesuar ve Ekipmanlar\u0131","url":"https:\/\/acaral.com.tr\/","logo":{"@type":"ImageObject","inLanguage":"en-US","@id":"https:\/\/acaral.com.tr\/#\/schema\/logo\/image\/","url":"https:\/\/acaral.com.tr\/wp-content\/uploads\/logo-fb-2.jpg","contentUrl":"https:\/\/acaral.com.tr\/wp-content\/uploads\/logo-fb-2.jpg","width":1687,"height":845,"caption":"Silah Aksesuar ve Ekipmanlar\u0131"},"image":{"@id":"https:\/\/acaral.com.tr\/#\/schema\/logo\/image\/"},"sameAs":["https:\/\/facebook.com\/acaralcom"]}]}},"_links":{"self":[{"href":"https:\/\/acaral.com.tr\/index.php?rest_route=\/wp\/v2\/product\/9131"}],"collection":[{"href":"https:\/\/acaral.com.tr\/index.php?rest_route=\/wp\/v2\/product"}],"about":[{"href":"https:\/\/acaral.com.tr\/index.php?rest_route=\/wp\/v2\/types\/product"}],"replies":[{"embeddable":true,"href":"https:\/\/acaral.com.tr\/index.php?rest_route=%2Fwp%2Fv2%2Fcomments&post=9131"}],"wp:featuredmedia":[{"embeddable":true,"href":"https:\/\/acaral.com.tr\/index.php?rest_route=\/wp\/v2\/media\/9194"}],"wp:attachment":[{"href":"https:\/\/acaral.com.tr\/index.php?rest_route=%2Fwp%2Fv2%2Fmedia&parent=9131"}],"wp:term":[{"taxonomy":"product_cat","embeddable":true,"href":"https:\/\/acaral.com.tr\/index.php?rest_route=%2Fwp%2Fv2%2Fproduct_cat&post=9131"},{"taxonomy":"product_tag","embeddable":true,"href":"https:\/\/acaral.com.tr\/index.php?rest_route=%2Fwp%2Fv2%2Fproduct_tag&post=9131"}],"curies":[{"name":"wp","href":"https:\/\/api.w.org\/{rel}","templated":true}]}}