{"id":9141,"date":"2023-03-06T02:48:49","date_gmt":"2023-03-05T23:48:49","guid":{"rendered":"https:\/\/acaral.com.tr\/index.php\/product\/univesal-genel-kilif-beyaz\/"},"modified":"2023-04-04T14:33:10","modified_gmt":"2023-04-04T11:33:10","slug":"univesal-genel-kilif-beyaz","status":"publish","type":"product","link":"https:\/\/acaral.com.tr\/?product=univesal-genel-kilif-beyaz","title":{"rendered":"Univesal (Genel) K\u0131l\u0131f Beyaz"},"content":{"rendered":"<p><strong><u>-UYGUN OLDU\u011eU MODELLER<\/u><\/strong><\/p>\n<p><strong>-G\u0130RSAN MC 28. SAS. SACS.<\/strong><\/p>\n<p><strong>-MC27E. BORA LIGHT.<\/strong><\/p>\n<p><strong>-SARSILMAZ B6C. K2 45<\/strong><\/p>\n<p><strong>-CAN\u0130K TP9. 40. 100<\/strong><\/p>\n<p><strong>-YAVUZ 16. F92 BERETTA<\/strong><\/p>\n<p><strong>-COMPACT. TU\u011eRA<\/strong><\/p>\n<p><strong>-WALTER P99<\/strong><\/p>\n<p><strong>-SIGSAUER P229<\/strong><\/p>\n<p><strong><u>\u00d6ZELL\u0130KLER VE A\u00c7IKLAMALAR <\/u><\/strong><\/p>\n<ul>\n<li><strong>Dayan\u0131kl\u0131 polimer g\u00f6vde, patentli dizayn\u0131 sayesinde ergonomik kullan\u0131m kolayl\u0131\u011f\u0131 sa\u011flar.<\/strong><\/li>\n<li><strong>Palaska \u00fczerine kullan\u0131ma uygun olan d\u0131\u015f ta\u015f\u0131ma taktik tabanca k\u0131l\u0131f\u0131 askeri kullan\u0131ma uygun tasarlanm\u0131\u015f ortopedik belli\u011fi<\/strong><\/li>\n<li><strong>sayesinde\u00a0 uzun saatler boyunca ta\u015f\u0131malarda kullan\u0131c\u0131y\u0131\u00a0 yormaz.<\/strong><\/li>\n<li><strong>360 derece d\u00f6nebilen yap\u0131s\u0131 sayesinde kullan\u0131c\u0131 silah\u0131n a\u00e7\u0131s\u0131n\u0131 iste\u011fine g\u00f6re ayarlayabilir.<\/strong><\/li>\n<li><strong>Asker, polis, bek\u00e7i ve sivil kullan\u0131m\u0131na uygundur.<\/strong><\/li>\n<li><strong>Muhafaza kilidi sayesinde silah\u0131n\u0131z d\u00fc\u015fmez, \u00e7al\u0131nmaz.<\/strong><\/li>\n<li><strong>Sa\u011f ve sol \u00fcr\u00fcn mevcuttur.<\/strong><\/li>\n<li><strong>\u00c7\u0131kar\u0131labilir tek \u015farj\u00f6rl\u00fck yolu vard\u0131r.(Sadece sa\u011f kullan\u0131ml\u0131 \u00fcr\u00fcnde mevcuttur)<\/strong><\/li>\n<li><strong>2 y\u0131l garantisi vard\u0131r.<\/strong><\/li>\n<\/ul>\n","protected":false},"excerpt":{"rendered":"<p>-UYGUN OLDU\u011eU MODELLER -G\u0130RSAN MC 28. SAS. SACS. -MC27E. BORA LIGHT. -SARSILMAZ B6C. K2 45 -CAN\u0130K TP9. 40. 100 -YAVUZ<\/p>\n","protected":false},"featured_media":9286,"comment_status":"open","ping_status":"closed","template":"","meta":[],"product_cat":[42],"product_tag":[],"class_list":{"0":"post-9141","1":"product","2":"type-product","3":"status-publish","4":"has-post-thumbnail","6":"product_cat-tabanca-kiliflari","8":"first","9":"instock","10":"shipping-taxable","11":"product-type-simple"},"yoast_head":"<!-- This site is optimized with the Yoast SEO plugin v25.4 - https:\/\/yoast.com\/wordpress\/plugins\/seo\/ -->\n<title>Univesal (Genel) K\u0131l\u0131f Beyaz - Acaral<\/title>\n<meta name=\"robots\" content=\"index, follow, max-snippet:-1, max-image-preview:large, max-video-preview:-1\" \/>\n<link rel=\"canonical\" href=\"https:\/\/acaral.com.tr\/?product=univesal-genel-kilif-beyaz\" \/>\n<meta property=\"og:locale\" content=\"en_US\" \/>\n<meta property=\"og:type\" content=\"article\" \/>\n<meta property=\"og:title\" content=\"Univesal (Genel) K\u0131l\u0131f Beyaz - Acaral\" \/>\n<meta property=\"og:description\" content=\"-UYGUN OLDU\u011eU MODELLER -G\u0130RSAN MC 28. SAS. SACS. -MC27E. BORA LIGHT. -SARSILMAZ B6C. K2 45 -CAN\u0130K TP9. 40. 100 -YAVUZ\" \/>\n<meta property=\"og:url\" content=\"https:\/\/acaral.com.tr\/?product=univesal-genel-kilif-beyaz\" \/>\n<meta property=\"og:site_name\" content=\"Acaral\" \/>\n<meta property=\"article:publisher\" content=\"https:\/\/facebook.com\/acaralcom\" \/>\n<meta property=\"article:modified_time\" content=\"2023-04-04T11:33:10+00:00\" \/>\n<meta property=\"og:image\" content=\"https:\/\/acaral.com.tr\/wp-content\/uploads\/beyaz-tabanca-kilifi.jpg\" \/>\n\t<meta property=\"og:image:width\" content=\"1400\" \/>\n\t<meta property=\"og:image:height\" content=\"1995\" \/>\n\t<meta property=\"og:image:type\" content=\"image\/jpeg\" \/>\n<meta name=\"twitter:card\" content=\"summary_large_image\" \/>\n<meta name=\"twitter:label1\" content=\"Est. reading time\" \/>\n\t<meta name=\"twitter:data1\" content=\"1 minute\" \/>\n<script type=\"application\/ld+json\" class=\"yoast-schema-graph\">{\"@context\":\"https:\/\/schema.org\",\"@graph\":[{\"@type\":\"WebPage\",\"@id\":\"https:\/\/acaral.com.tr\/?product=univesal-genel-kilif-beyaz\",\"url\":\"https:\/\/acaral.com.tr\/?product=univesal-genel-kilif-beyaz\",\"name\":\"Univesal (Genel) K\u0131l\u0131f Beyaz - Acaral\",\"isPartOf\":{\"@id\":\"https:\/\/acaral.com.tr\/#website\"},\"primaryImageOfPage\":{\"@id\":\"https:\/\/acaral.com.tr\/?product=univesal-genel-kilif-beyaz#primaryimage\"},\"image\":{\"@id\":\"https:\/\/acaral.com.tr\/?product=univesal-genel-kilif-beyaz#primaryimage\"},\"thumbnailUrl\":\"https:\/\/acaral.com.tr\/wp-content\/uploads\/beyaz-tabanca-kilifi.jpg\",\"datePublished\":\"2023-03-05T23:48:49+00:00\",\"dateModified\":\"2023-04-04T11:33:10+00:00\",\"breadcrumb\":{\"@id\":\"https:\/\/acaral.com.tr\/?product=univesal-genel-kilif-beyaz#breadcrumb\"},\"inLanguage\":\"en-US\",\"potentialAction\":[{\"@type\":\"ReadAction\",\"target\":[\"https:\/\/acaral.com.tr\/?product=univesal-genel-kilif-beyaz\"]}]},{\"@type\":\"ImageObject\",\"inLanguage\":\"en-US\",\"@id\":\"https:\/\/acaral.com.tr\/?product=univesal-genel-kilif-beyaz#primaryimage\",\"url\":\"https:\/\/acaral.com.tr\/wp-content\/uploads\/beyaz-tabanca-kilifi.jpg\",\"contentUrl\":\"https:\/\/acaral.com.tr\/wp-content\/uploads\/beyaz-tabanca-kilifi.jpg\",\"width\":1400,\"height\":1995},{\"@type\":\"BreadcrumbList\",\"@id\":\"https:\/\/acaral.com.tr\/?product=univesal-genel-kilif-beyaz#breadcrumb\",\"itemListElement\":[{\"@type\":\"ListItem\",\"position\":1,\"name\":\"Anasayfa\",\"item\":\"https:\/\/acaral.com.tr\/\"},{\"@type\":\"ListItem\",\"position\":2,\"name\":\"Shop\",\"item\":\"https:\/\/acaral.com.tr\/?page_id=9\"},{\"@type\":\"ListItem\",\"position\":3,\"name\":\"Univesal (Genel) K\u0131l\u0131f Beyaz\"}]},{\"@type\":\"WebSite\",\"@id\":\"https:\/\/acaral.com.tr\/#website\",\"url\":\"https:\/\/acaral.com.tr\/\",\"name\":\"Acaral\",\"description\":\"Silah Aksesuar ve Ekipmanlar\u0131\",\"publisher\":{\"@id\":\"https:\/\/acaral.com.tr\/#organization\"},\"potentialAction\":[{\"@type\":\"SearchAction\",\"target\":{\"@type\":\"EntryPoint\",\"urlTemplate\":\"https:\/\/acaral.com.tr\/?s={search_term_string}\"},\"query-input\":{\"@type\":\"PropertyValueSpecification\",\"valueRequired\":true,\"valueName\":\"search_term_string\"}}],\"inLanguage\":\"en-US\"},{\"@type\":\"Organization\",\"@id\":\"https:\/\/acaral.com.tr\/#organization\",\"name\":\"Silah Aksesuar ve Ekipmanlar\u0131\",\"url\":\"https:\/\/acaral.com.tr\/\",\"logo\":{\"@type\":\"ImageObject\",\"inLanguage\":\"en-US\",\"@id\":\"https:\/\/acaral.com.tr\/#\/schema\/logo\/image\/\",\"url\":\"https:\/\/acaral.com.tr\/wp-content\/uploads\/logo-fb-2.jpg\",\"contentUrl\":\"https:\/\/acaral.com.tr\/wp-content\/uploads\/logo-fb-2.jpg\",\"width\":1687,\"height\":845,\"caption\":\"Silah Aksesuar ve Ekipmanlar\u0131\"},\"image\":{\"@id\":\"https:\/\/acaral.com.tr\/#\/schema\/logo\/image\/\"},\"sameAs\":[\"https:\/\/facebook.com\/acaralcom\"]}]}<\/script>\n<!-- \/ Yoast SEO plugin. -->","yoast_head_json":{"title":"Univesal (Genel) K\u0131l\u0131f Beyaz - Acaral","robots":{"index":"index","follow":"follow","max-snippet":"max-snippet:-1","max-image-preview":"max-image-preview:large","max-video-preview":"max-video-preview:-1"},"canonical":"https:\/\/acaral.com.tr\/?product=univesal-genel-kilif-beyaz","og_locale":"en_US","og_type":"article","og_title":"Univesal (Genel) K\u0131l\u0131f Beyaz - Acaral","og_description":"-UYGUN OLDU\u011eU MODELLER -G\u0130RSAN MC 28. SAS. SACS. -MC27E. BORA LIGHT. -SARSILMAZ B6C. K2 45 -CAN\u0130K TP9. 40. 100 -YAVUZ","og_url":"https:\/\/acaral.com.tr\/?product=univesal-genel-kilif-beyaz","og_site_name":"Acaral","article_publisher":"https:\/\/facebook.com\/acaralcom","article_modified_time":"2023-04-04T11:33:10+00:00","og_image":[{"width":1400,"height":1995,"url":"https:\/\/acaral.com.tr\/wp-content\/uploads\/beyaz-tabanca-kilifi.jpg","type":"image\/jpeg"}],"twitter_card":"summary_large_image","twitter_misc":{"Est. reading time":"1 minute"},"schema":{"@context":"https:\/\/schema.org","@graph":[{"@type":"WebPage","@id":"https:\/\/acaral.com.tr\/?product=univesal-genel-kilif-beyaz","url":"https:\/\/acaral.com.tr\/?product=univesal-genel-kilif-beyaz","name":"Univesal (Genel) K\u0131l\u0131f Beyaz - Acaral","isPartOf":{"@id":"https:\/\/acaral.com.tr\/#website"},"primaryImageOfPage":{"@id":"https:\/\/acaral.com.tr\/?product=univesal-genel-kilif-beyaz#primaryimage"},"image":{"@id":"https:\/\/acaral.com.tr\/?product=univesal-genel-kilif-beyaz#primaryimage"},"thumbnailUrl":"https:\/\/acaral.com.tr\/wp-content\/uploads\/beyaz-tabanca-kilifi.jpg","datePublished":"2023-03-05T23:48:49+00:00","dateModified":"2023-04-04T11:33:10+00:00","breadcrumb":{"@id":"https:\/\/acaral.com.tr\/?product=univesal-genel-kilif-beyaz#breadcrumb"},"inLanguage":"en-US","potentialAction":[{"@type":"ReadAction","target":["https:\/\/acaral.com.tr\/?product=univesal-genel-kilif-beyaz"]}]},{"@type":"ImageObject","inLanguage":"en-US","@id":"https:\/\/acaral.com.tr\/?product=univesal-genel-kilif-beyaz#primaryimage","url":"https:\/\/acaral.com.tr\/wp-content\/uploads\/beyaz-tabanca-kilifi.jpg","contentUrl":"https:\/\/acaral.com.tr\/wp-content\/uploads\/beyaz-tabanca-kilifi.jpg","width":1400,"height":1995},{"@type":"BreadcrumbList","@id":"https:\/\/acaral.com.tr\/?product=univesal-genel-kilif-beyaz#breadcrumb","itemListElement":[{"@type":"ListItem","position":1,"name":"Anasayfa","item":"https:\/\/acaral.com.tr\/"},{"@type":"ListItem","position":2,"name":"Shop","item":"https:\/\/acaral.com.tr\/?page_id=9"},{"@type":"ListItem","position":3,"name":"Univesal (Genel) K\u0131l\u0131f Beyaz"}]},{"@type":"WebSite","@id":"https:\/\/acaral.com.tr\/#website","url":"https:\/\/acaral.com.tr\/","name":"Acaral","description":"Silah Aksesuar ve Ekipmanlar\u0131","publisher":{"@id":"https:\/\/acaral.com.tr\/#organization"},"potentialAction":[{"@type":"SearchAction","target":{"@type":"EntryPoint","urlTemplate":"https:\/\/acaral.com.tr\/?s={search_term_string}"},"query-input":{"@type":"PropertyValueSpecification","valueRequired":true,"valueName":"search_term_string"}}],"inLanguage":"en-US"},{"@type":"Organization","@id":"https:\/\/acaral.com.tr\/#organization","name":"Silah Aksesuar ve Ekipmanlar\u0131","url":"https:\/\/acaral.com.tr\/","logo":{"@type":"ImageObject","inLanguage":"en-US","@id":"https:\/\/acaral.com.tr\/#\/schema\/logo\/image\/","url":"https:\/\/acaral.com.tr\/wp-content\/uploads\/logo-fb-2.jpg","contentUrl":"https:\/\/acaral.com.tr\/wp-content\/uploads\/logo-fb-2.jpg","width":1687,"height":845,"caption":"Silah Aksesuar ve Ekipmanlar\u0131"},"image":{"@id":"https:\/\/acaral.com.tr\/#\/schema\/logo\/image\/"},"sameAs":["https:\/\/facebook.com\/acaralcom"]}]}},"_links":{"self":[{"href":"https:\/\/acaral.com.tr\/index.php?rest_route=\/wp\/v2\/product\/9141"}],"collection":[{"href":"https:\/\/acaral.com.tr\/index.php?rest_route=\/wp\/v2\/product"}],"about":[{"href":"https:\/\/acaral.com.tr\/index.php?rest_route=\/wp\/v2\/types\/product"}],"replies":[{"embeddable":true,"href":"https:\/\/acaral.com.tr\/index.php?rest_route=%2Fwp%2Fv2%2Fcomments&post=9141"}],"wp:featuredmedia":[{"embeddable":true,"href":"https:\/\/acaral.com.tr\/index.php?rest_route=\/wp\/v2\/media\/9286"}],"wp:attachment":[{"href":"https:\/\/acaral.com.tr\/index.php?rest_route=%2Fwp%2Fv2%2Fmedia&parent=9141"}],"wp:term":[{"taxonomy":"product_cat","embeddable":true,"href":"https:\/\/acaral.com.tr\/index.php?rest_route=%2Fwp%2Fv2%2Fproduct_cat&post=9141"},{"taxonomy":"product_tag","embeddable":true,"href":"https:\/\/acaral.com.tr\/index.php?rest_route=%2Fwp%2Fv2%2Fproduct_tag&post=9141"}],"curies":[{"name":"wp","href":"https:\/\/api.w.org\/{rel}","templated":true}]}}