{"id":9172,"date":"2023-03-06T02:48:53","date_gmt":"2023-03-05T23:48:53","guid":{"rendered":"https:\/\/acaral.com.tr\/index.php\/product\/bacak-kilifi-aparati-platformu-bej\/"},"modified":"2025-09-22T13:38:58","modified_gmt":"2025-09-22T10:38:58","slug":"alcak-tasima-bacak-kilifi-aparati-platformu-bej","status":"publish","type":"product","link":"https:\/\/acaral.com.tr\/?product=alcak-tasima-bacak-kilifi-aparati-platformu-bej","title":{"rendered":"Al\u00e7ak Ta\u015f\u0131ma Bacak K\u0131l\u0131f\u0131 Aparat\u0131 \/ Platformu Bej"},"content":{"rendered":"<ul>\n<li><strong><em>\u0130stenen y\u00fckseklikte kullan\u0131l\u0131r.<\/em><\/strong><\/li>\n<li><strong><em>Tabanca k\u0131l\u0131f\u0131n\u0131 bacakta kullanmak isteyenler i\u00e7in \u00fcretilmi\u015ftir.<\/em><\/strong><\/li>\n<\/ul>\n","protected":false},"excerpt":{"rendered":"<p>\u0130stenen y\u00fckseklikte kullan\u0131l\u0131r. Tabanca k\u0131l\u0131f\u0131n\u0131 bacakta kullanmak isteyenler i\u00e7in \u00fcretilmi\u015ftir.<\/p>\n","protected":false},"featured_media":9260,"comment_status":"open","ping_status":"closed","template":"","meta":[],"product_cat":[42],"product_tag":[],"class_list":{"0":"post-9172","1":"product","2":"type-product","3":"status-publish","4":"has-post-thumbnail","6":"product_cat-tabanca-kiliflari","8":"first","9":"instock","10":"shipping-taxable","11":"product-type-simple"},"yoast_head":"<!-- This site is optimized with the Yoast SEO plugin v25.4 - https:\/\/yoast.com\/wordpress\/plugins\/seo\/ -->\n<title>Al\u00e7ak Ta\u015f\u0131ma Bacak K\u0131l\u0131f\u0131 Aparat\u0131 \/ Platformu Bej - Acaral<\/title>\n<meta name=\"robots\" content=\"index, follow, max-snippet:-1, max-image-preview:large, max-video-preview:-1\" \/>\n<link rel=\"canonical\" href=\"https:\/\/acaral.com.tr\/?product=alcak-tasima-bacak-kilifi-aparati-platformu-bej\" \/>\n<meta property=\"og:locale\" content=\"en_US\" \/>\n<meta property=\"og:type\" content=\"article\" \/>\n<meta property=\"og:title\" content=\"Al\u00e7ak Ta\u015f\u0131ma Bacak K\u0131l\u0131f\u0131 Aparat\u0131 \/ Platformu Bej - Acaral\" \/>\n<meta property=\"og:description\" content=\"\u0130stenen y\u00fckseklikte kullan\u0131l\u0131r. Tabanca k\u0131l\u0131f\u0131n\u0131 bacakta kullanmak isteyenler i\u00e7in \u00fcretilmi\u015ftir.\" \/>\n<meta property=\"og:url\" content=\"https:\/\/acaral.com.tr\/?product=alcak-tasima-bacak-kilifi-aparati-platformu-bej\" \/>\n<meta property=\"og:site_name\" content=\"Acaral\" \/>\n<meta property=\"article:publisher\" content=\"https:\/\/facebook.com\/acaralcom\" \/>\n<meta property=\"article:modified_time\" content=\"2025-09-22T10:38:58+00:00\" \/>\n<meta property=\"og:image\" content=\"https:\/\/acaral.com.tr\/wp-content\/uploads\/IMG_1348.jpg\" \/>\n\t<meta property=\"og:image:width\" content=\"1400\" \/>\n\t<meta property=\"og:image:height\" content=\"1995\" \/>\n\t<meta property=\"og:image:type\" content=\"image\/jpeg\" \/>\n<meta name=\"twitter:card\" content=\"summary_large_image\" \/>\n<script type=\"application\/ld+json\" class=\"yoast-schema-graph\">{\"@context\":\"https:\/\/schema.org\",\"@graph\":[{\"@type\":\"WebPage\",\"@id\":\"https:\/\/acaral.com.tr\/?product=alcak-tasima-bacak-kilifi-aparati-platformu-bej\",\"url\":\"https:\/\/acaral.com.tr\/?product=alcak-tasima-bacak-kilifi-aparati-platformu-bej\",\"name\":\"Al\u00e7ak Ta\u015f\u0131ma Bacak K\u0131l\u0131f\u0131 Aparat\u0131 \/ Platformu Bej - Acaral\",\"isPartOf\":{\"@id\":\"https:\/\/acaral.com.tr\/#website\"},\"primaryImageOfPage\":{\"@id\":\"https:\/\/acaral.com.tr\/?product=alcak-tasima-bacak-kilifi-aparati-platformu-bej#primaryimage\"},\"image\":{\"@id\":\"https:\/\/acaral.com.tr\/?product=alcak-tasima-bacak-kilifi-aparati-platformu-bej#primaryimage\"},\"thumbnailUrl\":\"https:\/\/acaral.com.tr\/wp-content\/uploads\/IMG_1348.jpg\",\"datePublished\":\"2023-03-05T23:48:53+00:00\",\"dateModified\":\"2025-09-22T10:38:58+00:00\",\"breadcrumb\":{\"@id\":\"https:\/\/acaral.com.tr\/?product=alcak-tasima-bacak-kilifi-aparati-platformu-bej#breadcrumb\"},\"inLanguage\":\"en-US\",\"potentialAction\":[{\"@type\":\"ReadAction\",\"target\":[\"https:\/\/acaral.com.tr\/?product=alcak-tasima-bacak-kilifi-aparati-platformu-bej\"]}]},{\"@type\":\"ImageObject\",\"inLanguage\":\"en-US\",\"@id\":\"https:\/\/acaral.com.tr\/?product=alcak-tasima-bacak-kilifi-aparati-platformu-bej#primaryimage\",\"url\":\"https:\/\/acaral.com.tr\/wp-content\/uploads\/IMG_1348.jpg\",\"contentUrl\":\"https:\/\/acaral.com.tr\/wp-content\/uploads\/IMG_1348.jpg\",\"width\":1400,\"height\":1995},{\"@type\":\"BreadcrumbList\",\"@id\":\"https:\/\/acaral.com.tr\/?product=alcak-tasima-bacak-kilifi-aparati-platformu-bej#breadcrumb\",\"itemListElement\":[{\"@type\":\"ListItem\",\"position\":1,\"name\":\"Anasayfa\",\"item\":\"https:\/\/acaral.com.tr\/\"},{\"@type\":\"ListItem\",\"position\":2,\"name\":\"Shop\",\"item\":\"https:\/\/acaral.com.tr\/?page_id=9\"},{\"@type\":\"ListItem\",\"position\":3,\"name\":\"Al\u00e7ak Ta\u015f\u0131ma Bacak K\u0131l\u0131f\u0131 Aparat\u0131 \/ Platformu Bej\"}]},{\"@type\":\"WebSite\",\"@id\":\"https:\/\/acaral.com.tr\/#website\",\"url\":\"https:\/\/acaral.com.tr\/\",\"name\":\"Acaral\",\"description\":\"Silah Aksesuar ve Ekipmanlar\u0131\",\"publisher\":{\"@id\":\"https:\/\/acaral.com.tr\/#organization\"},\"potentialAction\":[{\"@type\":\"SearchAction\",\"target\":{\"@type\":\"EntryPoint\",\"urlTemplate\":\"https:\/\/acaral.com.tr\/?s={search_term_string}\"},\"query-input\":{\"@type\":\"PropertyValueSpecification\",\"valueRequired\":true,\"valueName\":\"search_term_string\"}}],\"inLanguage\":\"en-US\"},{\"@type\":\"Organization\",\"@id\":\"https:\/\/acaral.com.tr\/#organization\",\"name\":\"Silah Aksesuar ve Ekipmanlar\u0131\",\"url\":\"https:\/\/acaral.com.tr\/\",\"logo\":{\"@type\":\"ImageObject\",\"inLanguage\":\"en-US\",\"@id\":\"https:\/\/acaral.com.tr\/#\/schema\/logo\/image\/\",\"url\":\"https:\/\/acaral.com.tr\/wp-content\/uploads\/logo-fb-2.jpg\",\"contentUrl\":\"https:\/\/acaral.com.tr\/wp-content\/uploads\/logo-fb-2.jpg\",\"width\":1687,\"height\":845,\"caption\":\"Silah Aksesuar ve Ekipmanlar\u0131\"},\"image\":{\"@id\":\"https:\/\/acaral.com.tr\/#\/schema\/logo\/image\/\"},\"sameAs\":[\"https:\/\/facebook.com\/acaralcom\"]}]}<\/script>\n<!-- \/ Yoast SEO plugin. -->","yoast_head_json":{"title":"Al\u00e7ak Ta\u015f\u0131ma Bacak K\u0131l\u0131f\u0131 Aparat\u0131 \/ Platformu Bej - Acaral","robots":{"index":"index","follow":"follow","max-snippet":"max-snippet:-1","max-image-preview":"max-image-preview:large","max-video-preview":"max-video-preview:-1"},"canonical":"https:\/\/acaral.com.tr\/?product=alcak-tasima-bacak-kilifi-aparati-platformu-bej","og_locale":"en_US","og_type":"article","og_title":"Al\u00e7ak Ta\u015f\u0131ma Bacak K\u0131l\u0131f\u0131 Aparat\u0131 \/ Platformu Bej - Acaral","og_description":"\u0130stenen y\u00fckseklikte kullan\u0131l\u0131r. Tabanca k\u0131l\u0131f\u0131n\u0131 bacakta kullanmak isteyenler i\u00e7in \u00fcretilmi\u015ftir.","og_url":"https:\/\/acaral.com.tr\/?product=alcak-tasima-bacak-kilifi-aparati-platformu-bej","og_site_name":"Acaral","article_publisher":"https:\/\/facebook.com\/acaralcom","article_modified_time":"2025-09-22T10:38:58+00:00","og_image":[{"width":1400,"height":1995,"url":"https:\/\/acaral.com.tr\/wp-content\/uploads\/IMG_1348.jpg","type":"image\/jpeg"}],"twitter_card":"summary_large_image","schema":{"@context":"https:\/\/schema.org","@graph":[{"@type":"WebPage","@id":"https:\/\/acaral.com.tr\/?product=alcak-tasima-bacak-kilifi-aparati-platformu-bej","url":"https:\/\/acaral.com.tr\/?product=alcak-tasima-bacak-kilifi-aparati-platformu-bej","name":"Al\u00e7ak Ta\u015f\u0131ma Bacak K\u0131l\u0131f\u0131 Aparat\u0131 \/ Platformu Bej - Acaral","isPartOf":{"@id":"https:\/\/acaral.com.tr\/#website"},"primaryImageOfPage":{"@id":"https:\/\/acaral.com.tr\/?product=alcak-tasima-bacak-kilifi-aparati-platformu-bej#primaryimage"},"image":{"@id":"https:\/\/acaral.com.tr\/?product=alcak-tasima-bacak-kilifi-aparati-platformu-bej#primaryimage"},"thumbnailUrl":"https:\/\/acaral.com.tr\/wp-content\/uploads\/IMG_1348.jpg","datePublished":"2023-03-05T23:48:53+00:00","dateModified":"2025-09-22T10:38:58+00:00","breadcrumb":{"@id":"https:\/\/acaral.com.tr\/?product=alcak-tasima-bacak-kilifi-aparati-platformu-bej#breadcrumb"},"inLanguage":"en-US","potentialAction":[{"@type":"ReadAction","target":["https:\/\/acaral.com.tr\/?product=alcak-tasima-bacak-kilifi-aparati-platformu-bej"]}]},{"@type":"ImageObject","inLanguage":"en-US","@id":"https:\/\/acaral.com.tr\/?product=alcak-tasima-bacak-kilifi-aparati-platformu-bej#primaryimage","url":"https:\/\/acaral.com.tr\/wp-content\/uploads\/IMG_1348.jpg","contentUrl":"https:\/\/acaral.com.tr\/wp-content\/uploads\/IMG_1348.jpg","width":1400,"height":1995},{"@type":"BreadcrumbList","@id":"https:\/\/acaral.com.tr\/?product=alcak-tasima-bacak-kilifi-aparati-platformu-bej#breadcrumb","itemListElement":[{"@type":"ListItem","position":1,"name":"Anasayfa","item":"https:\/\/acaral.com.tr\/"},{"@type":"ListItem","position":2,"name":"Shop","item":"https:\/\/acaral.com.tr\/?page_id=9"},{"@type":"ListItem","position":3,"name":"Al\u00e7ak Ta\u015f\u0131ma Bacak K\u0131l\u0131f\u0131 Aparat\u0131 \/ Platformu Bej"}]},{"@type":"WebSite","@id":"https:\/\/acaral.com.tr\/#website","url":"https:\/\/acaral.com.tr\/","name":"Acaral","description":"Silah Aksesuar ve Ekipmanlar\u0131","publisher":{"@id":"https:\/\/acaral.com.tr\/#organization"},"potentialAction":[{"@type":"SearchAction","target":{"@type":"EntryPoint","urlTemplate":"https:\/\/acaral.com.tr\/?s={search_term_string}"},"query-input":{"@type":"PropertyValueSpecification","valueRequired":true,"valueName":"search_term_string"}}],"inLanguage":"en-US"},{"@type":"Organization","@id":"https:\/\/acaral.com.tr\/#organization","name":"Silah Aksesuar ve Ekipmanlar\u0131","url":"https:\/\/acaral.com.tr\/","logo":{"@type":"ImageObject","inLanguage":"en-US","@id":"https:\/\/acaral.com.tr\/#\/schema\/logo\/image\/","url":"https:\/\/acaral.com.tr\/wp-content\/uploads\/logo-fb-2.jpg","contentUrl":"https:\/\/acaral.com.tr\/wp-content\/uploads\/logo-fb-2.jpg","width":1687,"height":845,"caption":"Silah Aksesuar ve Ekipmanlar\u0131"},"image":{"@id":"https:\/\/acaral.com.tr\/#\/schema\/logo\/image\/"},"sameAs":["https:\/\/facebook.com\/acaralcom"]}]}},"_links":{"self":[{"href":"https:\/\/acaral.com.tr\/index.php?rest_route=\/wp\/v2\/product\/9172"}],"collection":[{"href":"https:\/\/acaral.com.tr\/index.php?rest_route=\/wp\/v2\/product"}],"about":[{"href":"https:\/\/acaral.com.tr\/index.php?rest_route=\/wp\/v2\/types\/product"}],"replies":[{"embeddable":true,"href":"https:\/\/acaral.com.tr\/index.php?rest_route=%2Fwp%2Fv2%2Fcomments&post=9172"}],"wp:featuredmedia":[{"embeddable":true,"href":"https:\/\/acaral.com.tr\/index.php?rest_route=\/wp\/v2\/media\/9260"}],"wp:attachment":[{"href":"https:\/\/acaral.com.tr\/index.php?rest_route=%2Fwp%2Fv2%2Fmedia&parent=9172"}],"wp:term":[{"taxonomy":"product_cat","embeddable":true,"href":"https:\/\/acaral.com.tr\/index.php?rest_route=%2Fwp%2Fv2%2Fproduct_cat&post=9172"},{"taxonomy":"product_tag","embeddable":true,"href":"https:\/\/acaral.com.tr\/index.php?rest_route=%2Fwp%2Fv2%2Fproduct_tag&post=9172"}],"curies":[{"name":"wp","href":"https:\/\/api.w.org\/{rel}","templated":true}]}}