{"id":9176,"date":"2023-03-06T02:48:53","date_gmt":"2023-03-05T23:48:53","guid":{"rendered":"https:\/\/acaral.com.tr\/index.php\/product\/kelepce-kilifi-siyah\/"},"modified":"2023-04-04T14:33:14","modified_gmt":"2023-04-04T11:33:14","slug":"kelepce-kilifi-siyah","status":"publish","type":"product","link":"https:\/\/acaral.com.tr\/?product=kelepce-kilifi-siyah","title":{"rendered":"Kelep\u00e7e K\u0131l\u0131f\u0131 Siyah"},"content":{"rendered":"<p><strong><u>UYGUN OLDU\u011eU MODELLER <\/u><\/strong><\/p>\n<p><strong><em>Standart t\u00fcm kelep\u00e7e modelleri i\u00e7in tam uyumludur.<\/em><\/strong><\/p>\n<p><strong><u>\u00d6ZELL\u0130KLER VE A\u00c7IKLAMALAR <\/u><\/strong><\/p>\n<ul>\n<li><strong><em>Kelep\u00e7e k\u0131l\u0131f\u0131 \u00a0palaska \u00fcst\u00fc ve her t\u00fcrl\u00fc kemerde kullan\u0131m i\u00e7in uygundur.<\/em><\/strong><\/li>\n<li><strong><em>Ayar vidas\u0131 sayesinde 360\u00b0 d\u00f6nebilir ,\u00a0 duru\u015f a\u00e7\u0131s\u0131n\u0131\u00a0 kullan\u0131c\u0131 kendisine g\u00f6re ayarlayabilir.<\/em><\/strong><\/li>\n<li><strong><em>Taktik kullan\u0131c\u0131lar i\u00e7in kelep\u00e7eyi k\u0131l\u0131ftan h\u0131zl\u0131ca tak\u0131l\u0131p \u00e7\u0131kar\u0131labilecek \u015fekilde tasarlanm\u0131\u015ft\u0131r.<\/em><\/strong><\/li>\n<li><strong><em>Polimer enjeksiyon sistemiyle \u00fcretilmi\u015f olup dayan\u0131kl\u0131d\u0131r, uzun \u00f6m\u00fcrl\u00fc kullan\u0131m sunar.<\/em><\/strong><\/li>\n<li><strong><em>2 y\u0131l garantisi vard\u0131r.<\/em><\/strong><\/li>\n<\/ul>\n","protected":false},"excerpt":{"rendered":"<p>UYGUN OLDU\u011eU MODELLER Standart t\u00fcm kelep\u00e7e modelleri i\u00e7in tam uyumludur. \u00d6ZELL\u0130KLER VE A\u00c7IKLAMALAR Kelep\u00e7e k\u0131l\u0131f\u0131 \u00a0palaska \u00fcst\u00fc ve her t\u00fcrl\u00fc<\/p>\n","protected":false},"featured_media":9268,"comment_status":"open","ping_status":"closed","template":"","meta":[],"product_cat":[21],"product_tag":[],"class_list":{"0":"post-9176","1":"product","2":"type-product","3":"status-publish","4":"has-post-thumbnail","6":"product_cat-kelepce-kiliflari","8":"first","9":"instock","10":"shipping-taxable","11":"product-type-simple"},"yoast_head":"<!-- This site is optimized with the Yoast SEO plugin v25.4 - https:\/\/yoast.com\/wordpress\/plugins\/seo\/ -->\n<title>Kelep\u00e7e K\u0131l\u0131f\u0131 Siyah - Acaral<\/title>\n<meta name=\"robots\" content=\"index, follow, max-snippet:-1, max-image-preview:large, max-video-preview:-1\" \/>\n<link rel=\"canonical\" href=\"https:\/\/acaral.com.tr\/?product=kelepce-kilifi-siyah\" \/>\n<meta property=\"og:locale\" content=\"en_US\" \/>\n<meta property=\"og:type\" content=\"article\" \/>\n<meta property=\"og:title\" content=\"Kelep\u00e7e K\u0131l\u0131f\u0131 Siyah - Acaral\" \/>\n<meta property=\"og:description\" content=\"UYGUN OLDU\u011eU MODELLER Standart t\u00fcm kelep\u00e7e modelleri i\u00e7in tam uyumludur. \u00d6ZELL\u0130KLER VE A\u00c7IKLAMALAR Kelep\u00e7e k\u0131l\u0131f\u0131 \u00a0palaska \u00fcst\u00fc ve her t\u00fcrl\u00fc\" \/>\n<meta property=\"og:url\" content=\"https:\/\/acaral.com.tr\/?product=kelepce-kilifi-siyah\" \/>\n<meta property=\"og:site_name\" content=\"Acaral\" \/>\n<meta property=\"article:publisher\" content=\"https:\/\/facebook.com\/acaralcom\" \/>\n<meta property=\"article:modified_time\" content=\"2023-04-04T11:33:14+00:00\" \/>\n<meta property=\"og:image\" content=\"https:\/\/acaral.com.tr\/wp-content\/uploads\/IMG_2672.jpg\" \/>\n\t<meta property=\"og:image:width\" content=\"1400\" \/>\n\t<meta property=\"og:image:height\" content=\"1995\" \/>\n\t<meta property=\"og:image:type\" content=\"image\/jpeg\" \/>\n<meta name=\"twitter:card\" content=\"summary_large_image\" \/>\n<script type=\"application\/ld+json\" class=\"yoast-schema-graph\">{\"@context\":\"https:\/\/schema.org\",\"@graph\":[{\"@type\":\"WebPage\",\"@id\":\"https:\/\/acaral.com.tr\/?product=kelepce-kilifi-siyah\",\"url\":\"https:\/\/acaral.com.tr\/?product=kelepce-kilifi-siyah\",\"name\":\"Kelep\u00e7e K\u0131l\u0131f\u0131 Siyah - Acaral\",\"isPartOf\":{\"@id\":\"https:\/\/acaral.com.tr\/#website\"},\"primaryImageOfPage\":{\"@id\":\"https:\/\/acaral.com.tr\/?product=kelepce-kilifi-siyah#primaryimage\"},\"image\":{\"@id\":\"https:\/\/acaral.com.tr\/?product=kelepce-kilifi-siyah#primaryimage\"},\"thumbnailUrl\":\"https:\/\/acaral.com.tr\/wp-content\/uploads\/IMG_2672.jpg\",\"datePublished\":\"2023-03-05T23:48:53+00:00\",\"dateModified\":\"2023-04-04T11:33:14+00:00\",\"breadcrumb\":{\"@id\":\"https:\/\/acaral.com.tr\/?product=kelepce-kilifi-siyah#breadcrumb\"},\"inLanguage\":\"en-US\",\"potentialAction\":[{\"@type\":\"ReadAction\",\"target\":[\"https:\/\/acaral.com.tr\/?product=kelepce-kilifi-siyah\"]}]},{\"@type\":\"ImageObject\",\"inLanguage\":\"en-US\",\"@id\":\"https:\/\/acaral.com.tr\/?product=kelepce-kilifi-siyah#primaryimage\",\"url\":\"https:\/\/acaral.com.tr\/wp-content\/uploads\/IMG_2672.jpg\",\"contentUrl\":\"https:\/\/acaral.com.tr\/wp-content\/uploads\/IMG_2672.jpg\",\"width\":1400,\"height\":1995},{\"@type\":\"BreadcrumbList\",\"@id\":\"https:\/\/acaral.com.tr\/?product=kelepce-kilifi-siyah#breadcrumb\",\"itemListElement\":[{\"@type\":\"ListItem\",\"position\":1,\"name\":\"Anasayfa\",\"item\":\"https:\/\/acaral.com.tr\/\"},{\"@type\":\"ListItem\",\"position\":2,\"name\":\"Shop\",\"item\":\"https:\/\/acaral.com.tr\/?page_id=9\"},{\"@type\":\"ListItem\",\"position\":3,\"name\":\"Kelep\u00e7e K\u0131l\u0131f\u0131 Siyah\"}]},{\"@type\":\"WebSite\",\"@id\":\"https:\/\/acaral.com.tr\/#website\",\"url\":\"https:\/\/acaral.com.tr\/\",\"name\":\"Acaral\",\"description\":\"Silah Aksesuar ve Ekipmanlar\u0131\",\"publisher\":{\"@id\":\"https:\/\/acaral.com.tr\/#organization\"},\"potentialAction\":[{\"@type\":\"SearchAction\",\"target\":{\"@type\":\"EntryPoint\",\"urlTemplate\":\"https:\/\/acaral.com.tr\/?s={search_term_string}\"},\"query-input\":{\"@type\":\"PropertyValueSpecification\",\"valueRequired\":true,\"valueName\":\"search_term_string\"}}],\"inLanguage\":\"en-US\"},{\"@type\":\"Organization\",\"@id\":\"https:\/\/acaral.com.tr\/#organization\",\"name\":\"Silah Aksesuar ve Ekipmanlar\u0131\",\"url\":\"https:\/\/acaral.com.tr\/\",\"logo\":{\"@type\":\"ImageObject\",\"inLanguage\":\"en-US\",\"@id\":\"https:\/\/acaral.com.tr\/#\/schema\/logo\/image\/\",\"url\":\"https:\/\/acaral.com.tr\/wp-content\/uploads\/logo-fb-2.jpg\",\"contentUrl\":\"https:\/\/acaral.com.tr\/wp-content\/uploads\/logo-fb-2.jpg\",\"width\":1687,\"height\":845,\"caption\":\"Silah Aksesuar ve Ekipmanlar\u0131\"},\"image\":{\"@id\":\"https:\/\/acaral.com.tr\/#\/schema\/logo\/image\/\"},\"sameAs\":[\"https:\/\/facebook.com\/acaralcom\"]}]}<\/script>\n<!-- \/ Yoast SEO plugin. -->","yoast_head_json":{"title":"Kelep\u00e7e K\u0131l\u0131f\u0131 Siyah - Acaral","robots":{"index":"index","follow":"follow","max-snippet":"max-snippet:-1","max-image-preview":"max-image-preview:large","max-video-preview":"max-video-preview:-1"},"canonical":"https:\/\/acaral.com.tr\/?product=kelepce-kilifi-siyah","og_locale":"en_US","og_type":"article","og_title":"Kelep\u00e7e K\u0131l\u0131f\u0131 Siyah - Acaral","og_description":"UYGUN OLDU\u011eU MODELLER Standart t\u00fcm kelep\u00e7e modelleri i\u00e7in tam uyumludur. \u00d6ZELL\u0130KLER VE A\u00c7IKLAMALAR Kelep\u00e7e k\u0131l\u0131f\u0131 \u00a0palaska \u00fcst\u00fc ve her t\u00fcrl\u00fc","og_url":"https:\/\/acaral.com.tr\/?product=kelepce-kilifi-siyah","og_site_name":"Acaral","article_publisher":"https:\/\/facebook.com\/acaralcom","article_modified_time":"2023-04-04T11:33:14+00:00","og_image":[{"width":1400,"height":1995,"url":"https:\/\/acaral.com.tr\/wp-content\/uploads\/IMG_2672.jpg","type":"image\/jpeg"}],"twitter_card":"summary_large_image","schema":{"@context":"https:\/\/schema.org","@graph":[{"@type":"WebPage","@id":"https:\/\/acaral.com.tr\/?product=kelepce-kilifi-siyah","url":"https:\/\/acaral.com.tr\/?product=kelepce-kilifi-siyah","name":"Kelep\u00e7e K\u0131l\u0131f\u0131 Siyah - Acaral","isPartOf":{"@id":"https:\/\/acaral.com.tr\/#website"},"primaryImageOfPage":{"@id":"https:\/\/acaral.com.tr\/?product=kelepce-kilifi-siyah#primaryimage"},"image":{"@id":"https:\/\/acaral.com.tr\/?product=kelepce-kilifi-siyah#primaryimage"},"thumbnailUrl":"https:\/\/acaral.com.tr\/wp-content\/uploads\/IMG_2672.jpg","datePublished":"2023-03-05T23:48:53+00:00","dateModified":"2023-04-04T11:33:14+00:00","breadcrumb":{"@id":"https:\/\/acaral.com.tr\/?product=kelepce-kilifi-siyah#breadcrumb"},"inLanguage":"en-US","potentialAction":[{"@type":"ReadAction","target":["https:\/\/acaral.com.tr\/?product=kelepce-kilifi-siyah"]}]},{"@type":"ImageObject","inLanguage":"en-US","@id":"https:\/\/acaral.com.tr\/?product=kelepce-kilifi-siyah#primaryimage","url":"https:\/\/acaral.com.tr\/wp-content\/uploads\/IMG_2672.jpg","contentUrl":"https:\/\/acaral.com.tr\/wp-content\/uploads\/IMG_2672.jpg","width":1400,"height":1995},{"@type":"BreadcrumbList","@id":"https:\/\/acaral.com.tr\/?product=kelepce-kilifi-siyah#breadcrumb","itemListElement":[{"@type":"ListItem","position":1,"name":"Anasayfa","item":"https:\/\/acaral.com.tr\/"},{"@type":"ListItem","position":2,"name":"Shop","item":"https:\/\/acaral.com.tr\/?page_id=9"},{"@type":"ListItem","position":3,"name":"Kelep\u00e7e K\u0131l\u0131f\u0131 Siyah"}]},{"@type":"WebSite","@id":"https:\/\/acaral.com.tr\/#website","url":"https:\/\/acaral.com.tr\/","name":"Acaral","description":"Silah Aksesuar ve Ekipmanlar\u0131","publisher":{"@id":"https:\/\/acaral.com.tr\/#organization"},"potentialAction":[{"@type":"SearchAction","target":{"@type":"EntryPoint","urlTemplate":"https:\/\/acaral.com.tr\/?s={search_term_string}"},"query-input":{"@type":"PropertyValueSpecification","valueRequired":true,"valueName":"search_term_string"}}],"inLanguage":"en-US"},{"@type":"Organization","@id":"https:\/\/acaral.com.tr\/#organization","name":"Silah Aksesuar ve Ekipmanlar\u0131","url":"https:\/\/acaral.com.tr\/","logo":{"@type":"ImageObject","inLanguage":"en-US","@id":"https:\/\/acaral.com.tr\/#\/schema\/logo\/image\/","url":"https:\/\/acaral.com.tr\/wp-content\/uploads\/logo-fb-2.jpg","contentUrl":"https:\/\/acaral.com.tr\/wp-content\/uploads\/logo-fb-2.jpg","width":1687,"height":845,"caption":"Silah Aksesuar ve Ekipmanlar\u0131"},"image":{"@id":"https:\/\/acaral.com.tr\/#\/schema\/logo\/image\/"},"sameAs":["https:\/\/facebook.com\/acaralcom"]}]}},"_links":{"self":[{"href":"https:\/\/acaral.com.tr\/index.php?rest_route=\/wp\/v2\/product\/9176"}],"collection":[{"href":"https:\/\/acaral.com.tr\/index.php?rest_route=\/wp\/v2\/product"}],"about":[{"href":"https:\/\/acaral.com.tr\/index.php?rest_route=\/wp\/v2\/types\/product"}],"replies":[{"embeddable":true,"href":"https:\/\/acaral.com.tr\/index.php?rest_route=%2Fwp%2Fv2%2Fcomments&post=9176"}],"wp:featuredmedia":[{"embeddable":true,"href":"https:\/\/acaral.com.tr\/index.php?rest_route=\/wp\/v2\/media\/9268"}],"wp:attachment":[{"href":"https:\/\/acaral.com.tr\/index.php?rest_route=%2Fwp%2Fv2%2Fmedia&parent=9176"}],"wp:term":[{"taxonomy":"product_cat","embeddable":true,"href":"https:\/\/acaral.com.tr\/index.php?rest_route=%2Fwp%2Fv2%2Fproduct_cat&post=9176"},{"taxonomy":"product_tag","embeddable":true,"href":"https:\/\/acaral.com.tr\/index.php?rest_route=%2Fwp%2Fv2%2Fproduct_tag&post=9176"}],"curies":[{"name":"wp","href":"https:\/\/api.w.org\/{rel}","templated":true}]}}